{"id":10171,"date":"2021-12-10T13:31:26","date_gmt":"2021-12-10T13:31:26","guid":{"rendered":"https:\/\/theone.hr\/polityka-prywatnosci\/"},"modified":"2023-11-09T20:53:18","modified_gmt":"2023-11-09T20:53:18","slug":"polityka-prywatnosci","status":"publish","type":"page","link":"https:\/\/theone.hr\/pl\/polityka-prywatnosci\/","title":{"rendered":"Polityka prywatno\u015bci"},"content":{"rendered":"\t\t<div data-elementor-type=\"wp-page\" data-elementor-id=\"10171\" class=\"elementor elementor-10171 elementor-3\">\n\t\t\t\t\t\t<section class=\"elementor-section elementor-top-section elementor-element elementor-element-6d90d4f4 elementor-section-boxed elementor-section-height-default elementor-section-height-default\" data-id=\"6d90d4f4\" data-element_type=\"section\" data-e-type=\"section\">\n\t\t\t\t\t\t<div class=\"elementor-container elementor-column-gap-default\">\n\t\t\t\t\t<div class=\"elementor-column elementor-col-100 elementor-top-column elementor-element elementor-element-17218d1f\" data-id=\"17218d1f\" data-element_type=\"column\" data-e-type=\"column\">\n\t\t\t<div class=\"elementor-widget-wrap elementor-element-populated\">\n\t\t\t\t\t\t<div class=\"elementor-element elementor-element-1a2297e2 elementor-widget__width-initial elementor-widget elementor-widget-text-editor\" data-id=\"1a2297e2\" data-element_type=\"widget\" data-e-type=\"widget\" data-widget_type=\"text-editor.default\">\n\t\t\t\t<div class=\"elementor-widget-container\">\n\t\t\t\t\t\t\t\t\t<p><strong>Polityka prywatno\u015bci<\/strong><\/p><p>Za pomoc\u0105 niniejszej Polityki Prywatno\u015bci chcemy szczeg\u00f3\u0142owo poinformowa\u0107 Ci\u0119 o polityce ochrony Twoich danych osobowych podczas gromadzenia ich za po\u015brednictwem naszego serwisu, ich przetwarzania i przechowywania, a tak\u017ce o wszelkich Twoich prawach zwi\u0105zanych z danymi osobowymi, kt\u00f3re nam powierzasz.<\/p><p>Pragniemy r\u00f3wnie\u017c zapozna\u0107 Ci\u0119 ze stosowaniem plik\u00f3w cookies na urz\u0105dzeniach, za po\u015brednictwem kt\u00f3rych uzyskujesz dost\u0119p do naszej witryny.<\/p><p><strong>Ramy prawne<\/strong><\/p><p>THE ONE Real Estate d.o.o. z du\u017c\u0105 ostro\u017cno\u015bci\u0105 podchodzi do problemu ochrony danych osobowych swoich u\u017cytkownik\u00f3w, jako jednego z podstawowych zada\u0144 zdobycia i utrzymania zaufania. W celu zapewnienia pe\u0142nego bezpiecze\u0144stwa danych wymaganego przepisami prawa poprzez Og\u00f3lne rozporz\u0105dzenie o ochronie danych osobowych (UE) 2016\/679 oraz ustaw\u0119 wdra\u017caj\u0105c\u0105 og\u00f3lne rozporz\u0105dzenie o ochronie danych (OG 42\/18) szczeg\u00f3\u0142owo zdefiniowali\u015bmy dane osobowe polityk\u0119 ochrony danych osobowych i wdro\u017cy\u0142a szereg \u015brodk\u00f3w prawnych i technicznych w celu jej realizacji, maj\u0105c na celu pe\u0142n\u0105 zgodno\u015b\u0107 z powy\u017cszymi przepisami.<\/p><p><strong>Cel przetwarzania danych osobowych<\/strong><\/p><p>Celem gromadzenia i przetwarzania danych osobowych w naszym serwisie jest realizacja naszej podstawowej dzia\u0142alno\u015bci polegaj\u0105cej na \u015bwiadczeniu nast\u0119puj\u0105cych us\u0142ug:<br \/>Po\u015brednictwo w zakupie i sprzeda\u017cy nieruchomo\u015bci.<br \/>Po\u015brednictwo w najmie\/najmie nieruchomo\u015bci.<br \/>Na naszej stronie zbieramy jedynie minimaln\u0105 ilo\u015b\u0107 niezb\u0119dnych informacji w nast\u0119puj\u0105cych celach:<br \/>Zapytania o us\u0142ugi &#8211; Gromadzone: imi\u0119, nazwisko, e-mail, numer telefonu<br \/>Subskrypcja biuletynu &#8211; Trwa zbieranie wiadomo\u015bci e-mail<br \/>Zebrane dane wykorzystujemy wy\u0142\u0105cznie w celu przetwarzania, na kt\u00f3ry zosta\u0142y nam powierzone i na kt\u00f3ry istnieje zgoda dostawcy.<\/p><p><strong>Bezpiecze\u0144stwo i poufno\u015b\u0107 danych osobowych<\/strong><\/p><p>Dane gromadzone s\u0105 za po\u015brednictwem serwer\u00f3w internetowych w \u015bci\u015ble kontrolowanym, bezpiecznym \u015brodowisku, maksymalnie chronionym przed nieuprawnionym dost\u0119pem i nieuprawnionym wykorzystaniem. Przep\u0142yw informacji z urz\u0105dzenia u\u017cytkownika do serwera odbywa si\u0119 przy wykorzystaniu protoko\u0142u HTTPS, kt\u00f3ry szyfruje dane w trakcie transmisji, aby by\u0107 ca\u0142kowicie chronionym przed jak\u0105kolwiek form\u0105 nadu\u017cycia tak\u017ce w tym segmencie. Po pobraniu z serwera internetowego dane s\u0105 przechowywane na chronionych komputerach w zaszyfrowanych zbiorach danych osobowych.<\/p><p><strong>Dost\u0119pno\u015b\u0107 danych dla os\u00f3b trzecich<\/strong><\/p><p>Aby m\u00f3c w pe\u0142ni realizowa\u0107 \u015bwiadczone przez nas us\u0142ugi, konieczne jest udost\u0119pnienie Twoich danych osobowych kancelariom prawnym jako podmiotom nieuchronnie uczestnicz\u0105cym w tym procesie.<\/p><p>Przy tym podana zostanie jedynie minimalna ilo\u015b\u0107 danych niezb\u0119dnych do realizacji us\u0142ugi tego podmiotu w ramach ca\u0142o\u015bci us\u0142ugi \u015bwiadczonej przez THE ONE Real Estate d.o.o. zapewnia.<\/p><p>Twoje dane osobowe mog\u0105 zosta\u0107 udost\u0119pnione firmom IT zaanga\u017cowanym przez THE ONE Real Estate d.o.o. w celu \u015bwiadczenia us\u0142ug rozwoju i konserwacji u\u017cywanego przez nas oprogramowania aplikacyjnego, us\u0142ug konserwacji i bezpiecze\u0144stwa komputer\u00f3w lokalnych oraz us\u0142ug serwer\u00f3w internetowych i przechowywania w chmurze. Firmy zajmuj\u0105ce si\u0119 tymi us\u0142ugami to rzetelni partnerzy, z kt\u00f3rymi umownie zobowi\u0105zano si\u0119 do zachowania poufno\u015bci danych i przestrzegania przepis\u00f3w prawa wynikaj\u0105cych z Rozporz\u0105dzenia o Ochronie Danych Osobowych.<br \/>\u200b<\/p><p><strong>Okres przechowywania danych osobowych<\/strong><\/p><p>Dane osobowe u\u017cytkownik\u00f3w podane w celu zapytania ofertowego przechowywane s\u0105 przez 3 lata. W przypadku wykorzystania ich w celach statystycznych, w celu podniesienia poziomu naszych us\u0142ug, dane te zostaj\u0105 zanonimizowane w taki spos\u00f3b, \u017ce trac\u0105 jakikolwiek zwi\u0105zek z konkretn\u0105 osob\u0105.<\/p><p><strong>Prawa u\u017cytkownika<\/strong><\/p><p>U\u017cytkownikowi gwarantuje si\u0119 szereg praw zwi\u0105zanych z przechowywaniem i przetwarzaniem danych osobowych.<\/p><p>S\u0105 to nast\u0119puj\u0105ce prawa:<br \/>Dane osobowe wymienione w Celu przetwarzania danych w tym dokumencie i dok\u0142adnie w opisanym celu mog\u0105 by\u0107 wykorzystywane.<br \/>U\u017cytkownik ma prawo mo\u017cliwie najszybciej poinformowa\u0107, jakie dane osobowe s\u0105 przechowywane i w jakim celu.<br \/>U\u017cytkownik ma prawo \u017c\u0105da\u0107 sprostowania nieprawid\u0142owych danych osobowych.<br \/>U\u017cytkownik ma prawo do informacji o \u015brodkach bezpiecze\u0144stwa i technicznych ochrony danych osobowych.<br \/>U\u017cytkownikowi przys\u0142uguje prawo do cofni\u0119cia zgody na przetwarzanie danych osobowych tj. prawo zapomnie\u0107.<br \/>U\u017cytkownikowi przys\u0142uguje prawo wniesienia sprzeciwu wobec przetwarzania danych osobowych.<\/p><p>Z ka\u017cdego z tych praw mo\u017cna skorzysta\u0107 w ka\u017cdej chwili, wysy\u0142aj\u0105c \u017c\u0105danie na adres e-mail: info@theone.hr<\/p><p><strong>Korzystanie z plik\u00f3w cookie<\/strong><\/p><p>Nasze strony internetowe wykorzystuj\u0105 dwa rodzaje plik\u00f3w cookies.<br \/>Niestandardowe pliki cookie &#8211; Stanowi\u0105 integraln\u0105 cz\u0119\u015b\u0107 witryny internetowej, kt\u00f3rej celem jest manipulowanie danymi sesji u\u017cytkownika. Maj\u0105 one charakter kr\u00f3tkotrwa\u0142y, tj. trwaj\u0105 tylko wtedy, gdy u\u017cytkownik jest zalogowany w serwisie.<br \/>Pliki cookie stron trzecich &#8211; THE ONE Real Estate d.o.o. korzysta ze statystyk Google Analytics w celu uzyskiwania statystyk dotycz\u0105cych ruchu i sposobu korzystania z witryny. Gromadzone dane obejmuj\u0105 adres IP u\u017cytkownika, dane przegl\u0105darki, dane systemu operacyjnego i inne standardowe dane, kt\u00f3re s\u0105 gromadzone i analizowane wy\u0142\u0105cznie w formie anonimowej i masowej. Wszystkie szczeg\u00f3\u0142y dotycz\u0105ce plik\u00f3w cookies wykorzystywanych przez Google Analytics mo\u017cna sprawdzi\u0107 pod adresem: http:\/\/www.google.com\/intl\/en\/analytics\/privacyoverview.html<br \/>Je\u017celi u\u017cytkownik nie wyra\u017ca zgody na u\u017cywanie plik\u00f3w cookies, w bardzo \u0142atwy spos\u00f3b mo\u017cna je usun\u0105\u0107 lub uniemo\u017cliwi\u0107 ich trwa\u0142e u\u017cywanie na swoim komputerze lub urz\u0105dzeniu mobilnym za pomoc\u0105 ustawie\u0144 przegl\u0105darki. Szczeg\u00f3\u0142owe informacje na temat zarz\u0105dzania plikami cookies znajdziesz w instrukcji przegl\u0105darki internetowej lub na stronie: www.allaboutcookies.org.<\/p><p>Zablokowanie stosowania plik\u00f3w cookies mo\u017ce spowodowa\u0107 nieprawid\u0142owo\u015bci w dzia\u0142aniu stron internetowych.<\/p><p>Niniejsze o\u015bwiadczenie o ochronie prywatno\u015bci obowi\u0105zuje od dnia 1 wrze\u015bnia 2021 r.<\/p>\t\t\t\t\t\t\t\t<\/div>\n\t\t\t\t<\/div>\n\t\t\t\t\t<\/div>\n\t\t<\/div>\n\t\t\t\t\t<\/div>\n\t\t<\/section>\n\t\t\t\t<\/div>\n\t\t","protected":false},"excerpt":{"rendered":"<p>Polityka prywatno\u015bci Za pomoc\u0105 niniejszej Polityki Prywatno\u015bci chcemy szczeg\u00f3\u0142owo poinformowa\u0107 Ci\u0119 o polityce ochrony Twoich danych osobowych podczas gromadzenia ich za po\u015brednictwem naszego serwisu, ich przetwarzania i przechowywania, a tak\u017ce o wszelkich Twoich prawach zwi\u0105zanych z danymi osobowymi, kt\u00f3re nam powierzasz. Pragniemy r\u00f3wnie\u017c zapozna\u0107 Ci\u0119 ze stosowaniem plik\u00f3w cookies na urz\u0105dzeniach, za po\u015brednictwem kt\u00f3rych uzyskujesz [&hellip;]<\/p>\n","protected":false},"author":1,"featured_media":0,"parent":0,"menu_order":0,"comment_status":"closed","ping_status":"open","template":"","meta":{"footnotes":""},"class_list":["post-10171","page","type-page","status-publish","hentry"],"yoast_head":"<!-- This site is optimized with the Yoast SEO plugin v27.4 - https:\/\/yoast.com\/product\/yoast-seo-wordpress\/ -->\n<title>Polityka prywatno\u015bci - THE ONE Real Estate<\/title>\n<meta name=\"description\" content=\"#Tre\u015b\u0107 postu\" \/>\n<meta name=\"robots\" content=\"index, follow, max-snippet:-1, max-image-preview:large, max-video-preview:-1\" \/>\n<link rel=\"canonical\" href=\"https:\/\/theone.hr\/pl\/polityka-prywatnosci\/\" \/>\n<meta property=\"og:locale\" content=\"pl_PL\" \/>\n<meta property=\"og:type\" content=\"article\" \/>\n<meta property=\"og:title\" content=\"Polityka prywatno\u015bci - THE ONE Real Estate\" \/>\n<meta property=\"og:description\" content=\"#Tre\u015b\u0107 postu\" \/>\n<meta property=\"og:url\" content=\"https:\/\/theone.hr\/pl\/polityka-prywatnosci\/\" \/>\n<meta property=\"og:site_name\" content=\"THE ONE Real Estate\" \/>\n<meta property=\"article:publisher\" content=\"https:\/\/www.facebook.com\/theonerealestatecroatia\/\" \/>\n<meta property=\"article:modified_time\" content=\"2023-11-09T20:53:18+00:00\" \/>\n<meta property=\"og:image\" content=\"https:\/\/theone.hr\/wp-content\/uploads\/2022\/02\/The-One-Real-Estate-Logo-Black.jpg\" \/>\n\t<meta property=\"og:image:width\" content=\"750\" \/>\n\t<meta property=\"og:image:height\" content=\"750\" \/>\n\t<meta property=\"og:image:type\" content=\"image\/jpeg\" \/>\n<meta name=\"twitter:card\" content=\"summary_large_image\" \/>\n<meta name=\"twitter:image\" content=\"https:\/\/theone.hr\/wp-content\/uploads\/2022\/02\/The-One-Real-Estate-Logo-Black.jpg\" \/>\n<meta name=\"twitter:label1\" content=\"Szacowany czas czytania\" \/>\n\t<meta name=\"twitter:data1\" content=\"5 minut\" \/>\n<script type=\"application\/ld+json\" class=\"yoast-schema-graph\">{\"@context\":\"https:\\\/\\\/schema.org\",\"@graph\":[{\"@type\":\"WebPage\",\"@id\":\"https:\\\/\\\/theone.hr\\\/pl\\\/polityka-prywatnosci\\\/\",\"url\":\"https:\\\/\\\/theone.hr\\\/pl\\\/polityka-prywatnosci\\\/\",\"name\":\"Polityka prywatno\u015bci - THE ONE Real Estate\",\"isPartOf\":{\"@id\":\"https:\\\/\\\/theone.hr\\\/pl\\\/#website\"},\"datePublished\":\"2021-12-10T13:31:26+00:00\",\"dateModified\":\"2023-11-09T20:53:18+00:00\",\"description\":\"#Tre\u015b\u0107 postu\",\"breadcrumb\":{\"@id\":\"https:\\\/\\\/theone.hr\\\/pl\\\/polityka-prywatnosci\\\/#breadcrumb\"},\"inLanguage\":\"pl-PL\",\"potentialAction\":[{\"@type\":\"ReadAction\",\"target\":[\"https:\\\/\\\/theone.hr\\\/pl\\\/polityka-prywatnosci\\\/\"]}]},{\"@type\":\"BreadcrumbList\",\"@id\":\"https:\\\/\\\/theone.hr\\\/pl\\\/polityka-prywatnosci\\\/#breadcrumb\",\"itemListElement\":[{\"@type\":\"ListItem\",\"position\":1,\"name\":\"Strona g\u0142\u00f3wna\",\"item\":\"https:\\\/\\\/theone.hr\\\/pl\\\/\"},{\"@type\":\"ListItem\",\"position\":2,\"name\":\"Polityka prywatno\u015bci\"}]},{\"@type\":\"WebSite\",\"@id\":\"https:\\\/\\\/theone.hr\\\/pl\\\/#website\",\"url\":\"https:\\\/\\\/theone.hr\\\/pl\\\/\",\"name\":\"THE ONE Real Estate\",\"description\":\"Luxury boutique real estate brokerage\",\"publisher\":{\"@id\":\"https:\\\/\\\/theone.hr\\\/pl\\\/#organization\"},\"potentialAction\":[{\"@type\":\"SearchAction\",\"target\":{\"@type\":\"EntryPoint\",\"urlTemplate\":\"https:\\\/\\\/theone.hr\\\/pl\\\/?s={search_term_string}\"},\"query-input\":{\"@type\":\"PropertyValueSpecification\",\"valueRequired\":true,\"valueName\":\"search_term_string\"}}],\"inLanguage\":\"pl-PL\"},{\"@type\":\"Organization\",\"@id\":\"https:\\\/\\\/theone.hr\\\/pl\\\/#organization\",\"name\":\"THE ONE Real Estate\",\"url\":\"https:\\\/\\\/theone.hr\\\/pl\\\/\",\"logo\":{\"@type\":\"ImageObject\",\"inLanguage\":\"pl-PL\",\"@id\":\"https:\\\/\\\/theone.hr\\\/pl\\\/#\\\/schema\\\/logo\\\/image\\\/\",\"url\":\"https:\\\/\\\/theone.hr\\\/wp-content\\\/uploads\\\/2022\\\/02\\\/The-One-Real-Estate-Logo-Black.jpg\",\"contentUrl\":\"https:\\\/\\\/theone.hr\\\/wp-content\\\/uploads\\\/2022\\\/02\\\/The-One-Real-Estate-Logo-Black.jpg\",\"width\":750,\"height\":750,\"caption\":\"THE ONE Real Estate\"},\"image\":{\"@id\":\"https:\\\/\\\/theone.hr\\\/pl\\\/#\\\/schema\\\/logo\\\/image\\\/\"},\"sameAs\":[\"https:\\\/\\\/www.facebook.com\\\/theonerealestatecroatia\\\/\",\"https:\\\/\\\/www.instagram.com\\\/theonecroatia\\\/\"]}]}<\/script>\n<!-- \/ Yoast SEO plugin. -->","yoast_head_json":{"title":"Polityka prywatno\u015bci - THE ONE Real Estate","description":"#Tre\u015b\u0107 postu","robots":{"index":"index","follow":"follow","max-snippet":"max-snippet:-1","max-image-preview":"max-image-preview:large","max-video-preview":"max-video-preview:-1"},"canonical":"https:\/\/theone.hr\/pl\/polityka-prywatnosci\/","og_locale":"pl_PL","og_type":"article","og_title":"Polityka prywatno\u015bci - THE ONE Real Estate","og_description":"#Tre\u015b\u0107 postu","og_url":"https:\/\/theone.hr\/pl\/polityka-prywatnosci\/","og_site_name":"THE ONE Real Estate","article_publisher":"https:\/\/www.facebook.com\/theonerealestatecroatia\/","article_modified_time":"2023-11-09T20:53:18+00:00","og_image":[{"width":750,"height":750,"url":"https:\/\/theone.hr\/wp-content\/uploads\/2022\/02\/The-One-Real-Estate-Logo-Black.jpg","type":"image\/jpeg"}],"twitter_card":"summary_large_image","twitter_image":"https:\/\/theone.hr\/wp-content\/uploads\/2022\/02\/The-One-Real-Estate-Logo-Black.jpg","twitter_misc":{"Szacowany czas czytania":"5 minut"},"schema":{"@context":"https:\/\/schema.org","@graph":[{"@type":"WebPage","@id":"https:\/\/theone.hr\/pl\/polityka-prywatnosci\/","url":"https:\/\/theone.hr\/pl\/polityka-prywatnosci\/","name":"Polityka prywatno\u015bci - THE ONE Real Estate","isPartOf":{"@id":"https:\/\/theone.hr\/pl\/#website"},"datePublished":"2021-12-10T13:31:26+00:00","dateModified":"2023-11-09T20:53:18+00:00","description":"#Tre\u015b\u0107 postu","breadcrumb":{"@id":"https:\/\/theone.hr\/pl\/polityka-prywatnosci\/#breadcrumb"},"inLanguage":"pl-PL","potentialAction":[{"@type":"ReadAction","target":["https:\/\/theone.hr\/pl\/polityka-prywatnosci\/"]}]},{"@type":"BreadcrumbList","@id":"https:\/\/theone.hr\/pl\/polityka-prywatnosci\/#breadcrumb","itemListElement":[{"@type":"ListItem","position":1,"name":"Strona g\u0142\u00f3wna","item":"https:\/\/theone.hr\/pl\/"},{"@type":"ListItem","position":2,"name":"Polityka prywatno\u015bci"}]},{"@type":"WebSite","@id":"https:\/\/theone.hr\/pl\/#website","url":"https:\/\/theone.hr\/pl\/","name":"THE ONE Real Estate","description":"Luxury boutique real estate brokerage","publisher":{"@id":"https:\/\/theone.hr\/pl\/#organization"},"potentialAction":[{"@type":"SearchAction","target":{"@type":"EntryPoint","urlTemplate":"https:\/\/theone.hr\/pl\/?s={search_term_string}"},"query-input":{"@type":"PropertyValueSpecification","valueRequired":true,"valueName":"search_term_string"}}],"inLanguage":"pl-PL"},{"@type":"Organization","@id":"https:\/\/theone.hr\/pl\/#organization","name":"THE ONE Real Estate","url":"https:\/\/theone.hr\/pl\/","logo":{"@type":"ImageObject","inLanguage":"pl-PL","@id":"https:\/\/theone.hr\/pl\/#\/schema\/logo\/image\/","url":"https:\/\/theone.hr\/wp-content\/uploads\/2022\/02\/The-One-Real-Estate-Logo-Black.jpg","contentUrl":"https:\/\/theone.hr\/wp-content\/uploads\/2022\/02\/The-One-Real-Estate-Logo-Black.jpg","width":750,"height":750,"caption":"THE ONE Real Estate"},"image":{"@id":"https:\/\/theone.hr\/pl\/#\/schema\/logo\/image\/"},"sameAs":["https:\/\/www.facebook.com\/theonerealestatecroatia\/","https:\/\/www.instagram.com\/theonecroatia\/"]}]}},"_links":{"self":[{"href":"https:\/\/theone.hr\/pl\/wp-json\/wp\/v2\/pages\/10171","targetHints":{"allow":["GET"]}}],"collection":[{"href":"https:\/\/theone.hr\/pl\/wp-json\/wp\/v2\/pages"}],"about":[{"href":"https:\/\/theone.hr\/pl\/wp-json\/wp\/v2\/types\/page"}],"author":[{"embeddable":true,"href":"https:\/\/theone.hr\/pl\/wp-json\/wp\/v2\/users\/1"}],"replies":[{"embeddable":true,"href":"https:\/\/theone.hr\/pl\/wp-json\/wp\/v2\/comments?post=10171"}],"version-history":[{"count":6,"href":"https:\/\/theone.hr\/pl\/wp-json\/wp\/v2\/pages\/10171\/revisions"}],"predecessor-version":[{"id":39669,"href":"https:\/\/theone.hr\/pl\/wp-json\/wp\/v2\/pages\/10171\/revisions\/39669"}],"wp:attachment":[{"href":"https:\/\/theone.hr\/pl\/wp-json\/wp\/v2\/media?parent=10171"}],"curies":[{"name":"wp","href":"https:\/\/api.w.org\/{rel}","templated":true}]}}